{"id":28860,"date":"2019-03-15T13:39:10","date_gmt":"2019-03-15T12:39:10","guid":{"rendered":"https:\/\/cclittoral.ch\/roc\/?page_id=28860"},"modified":"2025-10-25T22:36:24","modified_gmt":"2025-10-25T20:36:24","slug":"contact","status":"publish","type":"page","link":"https:\/\/cclittoral.ch\/leroc\/contact\/","title":{"rendered":"Contact"},"content":{"rendered":"\n<p><\/p>\n\n\n\n<h5 class=\"wp-block-heading\" id=\"adresse\">Adresse du centre de course<\/h5>\n\n\n<p style=\"text-align: center;\"><a href=\"https:\/\/www.google.com\/maps?ll=47.015997,6.977289&amp;z=16&amp;t=m&amp;hl=fr-FR&amp;gl=US&amp;mapclient=embed&amp;cid=18345044713132462875\" target=\"_blank\" rel=\"noopener noreferrer\">Centre sportif, 2068 Hauterive, Neuch\u00e2tel<\/a><\/p>\n\n\n<h5 class=\"wp-block-heading\" id=\"acces\">Acc\u00e8s au centre de course<\/h5>\n\n\n<ul>\n<li>Autoroute A5 sortie Hauterive<\/li>\n<li>Prendre direction Hauterive<\/li>\n<li>Suivre les indications pour le parcage<\/li>\n<\/ul>\n\n\n<h5 class=\"wp-block-heading\" id=\"google_maps\">Google maps<\/h5>\n\n\n\n<p align=\"center\"><iframe loading=\"lazy\" width=\"700\" height=\"450\" style=\"border: 0;\" src=\"https:\/\/www.google.com\/maps\/embed?pb=!1m18!1m12!1m3!1d2720.234747663593!2d6.977288999999992!3d47.015997!2m3!1f0!2f0!3f0!3m2!1i1024!2i768!4f13.1!3m3!1m2!1s0x478e097715f4e815%3A0xfe96b0f86aeb131b!2sCentre+Sportif!5e0!3m2!1sfr!2sus!4v1414772310693\" frameborder=\"0\"><\/iframe><\/p>\n\n\n\n<h5 class=\"wp-block-heading\" id=\"comite\">Le comit\u00e9<\/h5>\n\n\n\n<div class=\"wp-block-columns has-3-columns is-layout-flex wp-container-core-columns-is-layout-9d6595d7 wp-block-columns-is-layout-flex\">\n<div class=\"wp-block-column is-layout-flow wp-block-column-is-layout-flow\"><div class=\"wp-block-image is-resized\">\n<figure class=\"aligncenter\"><img loading=\"lazy\" decoding=\"async\" width=\"170\" height=\"240\" src=\"https:\/\/cclittoral.ch\/leroc\/wp-content\/uploads\/2020\/03\/ys.jpg\" alt=\"\" class=\"wp-image-30997\"\/><\/figure>\n<\/div>\n\n\n<p class=\"has-text-align-center\">Yannick Sarret<br><strong>Pr\u00e9sident<\/strong><\/p>\n<\/div>\n\n\n\n<div class=\"wp-block-column is-layout-flow wp-block-column-is-layout-flow\"><div class=\"wp-block-image is-resized\">\n<figure class=\"aligncenter size-full\"><img loading=\"lazy\" decoding=\"async\" width=\"170\" height=\"240\" src=\"https:\/\/cclittoral.ch\/leroc\/wp-content\/uploads\/2024\/04\/la.png\" alt=\"\" class=\"wp-image-34782\"\/><\/figure>\n<\/div>\n\n\n<p class=\"has-text-align-center\">Le\u00efla Aymon<br><strong>Secr\u00e9taire<\/strong><\/p>\n<\/div>\n\n\n\n<div class=\"wp-block-column is-layout-flow wp-block-column-is-layout-flow\"><div class=\"wp-block-image is-resized\">\n<figure class=\"aligncenter\"><img loading=\"lazy\" decoding=\"async\" width=\"170\" height=\"240\" src=\"https:\/\/cclittoral.ch\/leroc\/wp-content\/uploads\/2020\/03\/dw.jpg\" alt=\"\" class=\"wp-image-30998\"\/><\/figure>\n<\/div>\n\n\n<p class=\"has-text-align-center\">Didier Wuillemin<br><strong>Caissier<\/strong><\/p>\n<\/div>\n<\/div>\n\n\n\n<div class=\"wp-block-columns has-3-columns is-layout-flex wp-container-core-columns-is-layout-9d6595d7 wp-block-columns-is-layout-flex\">\n<div class=\"wp-block-column is-layout-flow wp-block-column-is-layout-flow\"><div class=\"wp-block-image is-resized\">\n<figure class=\"aligncenter size-full\"><img loading=\"lazy\" decoding=\"async\" width=\"170\" height=\"240\" src=\"https:\/\/cclittoral.ch\/leroc\/wp-content\/uploads\/2024\/04\/da.png\" alt=\"\" class=\"wp-image-34784\"\/><\/figure>\n<\/div>\n\n\n<p class=\"has-text-align-center\">Damien Aymon<br><strong>Responsable technique<\/strong><\/p>\n<\/div>\n\n\n\n<div class=\"wp-block-column is-layout-flow wp-block-column-is-layout-flow\"><div class=\"wp-block-image is-resized\">\n<figure class=\"aligncenter size-full\"><img loading=\"lazy\" decoding=\"async\" width=\"170\" height=\"240\" src=\"https:\/\/cclittoral.ch\/leroc\/wp-content\/uploads\/2025\/03\/gl.jpg\" alt=\"\" class=\"wp-image-35742\"\/><\/figure>\n<\/div>\n\n\n<p class=\"has-text-align-center\">Georges L\u00fcthi<br><strong>Sponsors<\/strong><\/p>\n<\/div>\n\n\n\n<div class=\"wp-block-column is-layout-flow wp-block-column-is-layout-flow\"><div class=\"wp-block-image is-resized\">\n<figure class=\"aligncenter size-full\"><img loading=\"lazy\" decoding=\"async\" width=\"170\" height=\"240\" src=\"https:\/\/cclittoral.ch\/leroc\/wp-content\/uploads\/2025\/03\/ma.jpg\" alt=\"\" class=\"wp-image-35739\"\/><\/figure>\n<\/div>\n\n\n<p class=\"has-text-align-center\">Ma\u00ebl Aymon<br>I<strong>nfrastructures<\/strong><\/p>\n<\/div>\n<\/div>\n\n\n\n<div class=\"wp-block-columns has-3-columns is-layout-flex wp-container-core-columns-is-layout-9d6595d7 wp-block-columns-is-layout-flex\">\n<div class=\"wp-block-column is-layout-flow wp-block-column-is-layout-flow\"><div class=\"wp-block-image is-resized\">\n<figure class=\"aligncenter size-full\"><img loading=\"lazy\" decoding=\"async\" width=\"170\" height=\"240\" src=\"https:\/\/cclittoral.ch\/leroc\/wp-content\/uploads\/2025\/03\/pl.jpg\" alt=\"\" class=\"wp-image-35740\"\/><\/figure>\n<\/div>\n\n\n<p class=\"has-text-align-center\">Patrick L\u00fcthi<br><strong>Parcage<\/strong><\/p>\n<\/div>\n\n\n\n<div class=\"wp-block-column is-layout-flow wp-block-column-is-layout-flow\"><div class=\"wp-block-image is-resized\">\n<figure class=\"aligncenter\"><img decoding=\"async\" src=\"https:\/\/www.cclittoral.ch\/leroc\/files\/info\/images\/am.jpg\" alt=\"\"\/><\/figure>\n<\/div>\n\n\n<p class=\"has-text-align-center\">Aishah Masseroni<br><strong>Cantine<\/strong><\/p>\n<\/div>\n\n\n\n<div class=\"wp-block-column is-layout-flow wp-block-column-is-layout-flow\"><div class=\"wp-block-image is-resized\">\n<figure class=\"aligncenter size-full\"><img loading=\"lazy\" decoding=\"async\" width=\"170\" height=\"240\" src=\"https:\/\/cclittoral.ch\/leroc\/wp-content\/uploads\/2025\/03\/ms.jpg\" alt=\"\" class=\"wp-image-35741\"\/><\/figure>\n<\/div>\n\n\n<p class=\"has-text-align-center\">Manuella Sarret<br><strong>Cantine<\/strong><\/p>\n<\/div>\n<\/div>\n\n\n\n<div class=\"wp-block-columns has-3-columns is-layout-flex wp-container-core-columns-is-layout-9d6595d7 wp-block-columns-is-layout-flex\">\n<div class=\"wp-block-column is-layout-flow wp-block-column-is-layout-flow\"><div class=\"wp-block-image is-resized\">\n<figure class=\"aligncenter size-full\"><img loading=\"lazy\" decoding=\"async\" width=\"170\" height=\"240\" src=\"https:\/\/cclittoral.ch\/leroc\/wp-content\/uploads\/2024\/04\/cb.png\" alt=\"\" class=\"wp-image-34785\"\/><\/figure>\n<\/div>\n\n\n<p class=\"has-text-align-center\">Caroline Bannwart<br><strong>Communication<\/strong> <br><\/p>\n\n\n\n<p class=\"has-text-align-center\"><br><\/p>\n<\/div>\n\n\n\n<div class=\"wp-block-column is-layout-flow wp-block-column-is-layout-flow\"><div class=\"wp-block-image is-resized\">\n<figure class=\"aligncenter\"><img decoding=\"async\" src=\"https:\/\/www.cclittoral.ch\/leroc\/files\/info\/images\/jl.jpg\" alt=\"\"\/><\/figure>\n<\/div>\n\n\n<p class=\"has-text-align-center\">J\u00e9r\u00f4me L\u00fcthi<br><strong>Site web<\/strong> <br><\/p>\n<\/div>\n<\/div>\n\n\n\n<h5 class=\"wp-block-heading\" id=\"contact\">Formulaire de contact<\/h5>\n\n\n\n<p class=\"has-text-align-center\"><div class=\"wpforms-container wpforms-container-full\" id=\"wpforms-29023\"><form id=\"wpforms-form-29023\" class=\"wpforms-validate wpforms-form wpforms-ajax-form\" data-formid=\"29023\" method=\"post\" enctype=\"multipart\/form-data\" action=\"\/leroc\/wp-json\/wp\/v2\/pages\/28860\" data-token=\"21b88437a271a9199c9919c8619ac28b\" data-token-time=\"1776002371\"><noscript class=\"wpforms-error-noscript\">Veuillez activer JavaScript dans votre navigateur pour remplir ce formulaire.<\/noscript><div class=\"wpforms-field-container\"><div id=\"wpforms-29023-field_0-container\" class=\"wpforms-field wpforms-field-name\" data-field-id=\"0\"><label class=\"wpforms-field-label\">Nom <span class=\"wpforms-required-label\">*<\/span><\/label><div class=\"wpforms-field-row wpforms-field-medium\"><div class=\"wpforms-field-row-block wpforms-first wpforms-one-half\"><input type=\"text\" id=\"wpforms-29023-field_0\" class=\"wpforms-field-name-first wpforms-field-required\" name=\"wpforms[fields][0][first]\" required><label for=\"wpforms-29023-field_0\" class=\"wpforms-field-sublabel after\">Pr\u00e9nom<\/label><\/div><div class=\"wpforms-field-row-block wpforms-one-half\"><input type=\"text\" id=\"wpforms-29023-field_0-last\" class=\"wpforms-field-name-last wpforms-field-required\" name=\"wpforms[fields][0][last]\" required><label for=\"wpforms-29023-field_0-last\" class=\"wpforms-field-sublabel after\">Nom<\/label><\/div><\/div><\/div><div id=\"wpforms-29023-field_1-container\" class=\"wpforms-field wpforms-field-email\" data-field-id=\"1\"><label class=\"wpforms-field-label\" for=\"wpforms-29023-field_1\">Adresse email <span class=\"wpforms-required-label\">*<\/span><\/label><input type=\"email\" id=\"wpforms-29023-field_1\" class=\"wpforms-field-medium wpforms-field-required\" name=\"wpforms[fields][1]\" spellcheck=\"false\" required><\/div><div id=\"wpforms-29023-field_2-container\" class=\"wpforms-field wpforms-field-textarea\" data-field-id=\"2\"><label class=\"wpforms-field-label\" for=\"wpforms-29023-field_2\">Message <span class=\"wpforms-required-label\">*<\/span><\/label><textarea id=\"wpforms-29023-field_2\" class=\"wpforms-field-medium wpforms-field-required\" name=\"wpforms[fields][2]\" required><\/textarea><\/div><\/div><!-- .wpforms-field-container --><div class=\"wpforms-field wpforms-field-hp\"><label for=\"wpforms-29023-field-hp\" class=\"wpforms-field-label\">Email<\/label><input type=\"text\" name=\"wpforms[hp]\" id=\"wpforms-29023-field-hp\" class=\"wpforms-field-medium\"><\/div><div class=\"wpforms-submit-container\" ><input type=\"hidden\" name=\"wpforms[id]\" value=\"29023\"><input type=\"hidden\" name=\"page_title\" value=\"\"><input type=\"hidden\" name=\"page_url\" value=\"https:\/\/cclittoral.ch\/leroc\/wp-json\/wp\/v2\/pages\/28860\"><input type=\"hidden\" name=\"url_referer\" value=\"\"><button type=\"submit\" name=\"wpforms[submit]\" id=\"wpforms-submit-29023\" class=\"wpforms-submit\" data-alt-text=\"Envoi en cours...\" data-submit-text=\"Envoyer\" aria-live=\"assertive\" value=\"wpforms-submit\">Envoyer<\/button><img loading=\"lazy\" decoding=\"async\" src=\"https:\/\/cclittoral.ch\/leroc\/wp-content\/plugins\/wpforms-lite\/assets\/images\/submit-spin.svg\" class=\"wpforms-submit-spinner\" style=\"display: none;\" width=\"26\" height=\"26\" alt=\"Chargement en cours\"><\/div><\/form><\/div>  <!-- .wpforms-container --><\/p>\n","protected":false},"excerpt":{"rendered":"<p>Adresse du centre de course Centre sportif, 2068 Hauterive, Neuch\u00e2tel Acc\u00e8s au centre de course Autoroute A5 sortie Hauterive Prendre direction Hauterive Suivre les indications pour le parcage Google maps Le comit\u00e9 Yannick SarretPr\u00e9sident Le\u00efla AymonSecr\u00e9taire Didier WuilleminCaissier Damien AymonResponsable technique Georges L\u00fcthiSponsors Ma\u00ebl AymonInfrastructures Patrick L\u00fcthiParcage Aishah MasseroniCantine Manuella [&hellip;]<\/p>\n","protected":false},"author":1,"featured_media":0,"parent":0,"menu_order":0,"comment_status":"closed","ping_status":"closed","template":"","meta":{"ngg_post_thumbnail":0,"footnotes":""},"class_list":["post-28860","page","type-page","status-publish","hentry"],"_links":{"self":[{"href":"https:\/\/cclittoral.ch\/leroc\/wp-json\/wp\/v2\/pages\/28860","targetHints":{"allow":["GET"]}}],"collection":[{"href":"https:\/\/cclittoral.ch\/leroc\/wp-json\/wp\/v2\/pages"}],"about":[{"href":"https:\/\/cclittoral.ch\/leroc\/wp-json\/wp\/v2\/types\/page"}],"author":[{"embeddable":true,"href":"https:\/\/cclittoral.ch\/leroc\/wp-json\/wp\/v2\/users\/1"}],"replies":[{"embeddable":true,"href":"https:\/\/cclittoral.ch\/leroc\/wp-json\/wp\/v2\/comments?post=28860"}],"version-history":[{"count":27,"href":"https:\/\/cclittoral.ch\/leroc\/wp-json\/wp\/v2\/pages\/28860\/revisions"}],"predecessor-version":[{"id":36213,"href":"https:\/\/cclittoral.ch\/leroc\/wp-json\/wp\/v2\/pages\/28860\/revisions\/36213"}],"wp:attachment":[{"href":"https:\/\/cclittoral.ch\/leroc\/wp-json\/wp\/v2\/media?parent=28860"}],"curies":[{"name":"wp","href":"https:\/\/api.w.org\/{rel}","templated":true}]}}