{"id":28866,"date":"2019-03-15T13:35:57","date_gmt":"2019-03-15T12:35:57","guid":{"rendered":"https:\/\/cclittoral.ch\/roc\/?page_id=28866"},"modified":"2025-10-25T22:14:56","modified_gmt":"2025-10-25T20:14:56","slug":"inscription","status":"publish","type":"page","link":"https:\/\/cclittoral.ch\/leroc\/inscription\/","title":{"rendered":"Inscription"},"content":{"rendered":"\n<h5 class=\"wp-block-heading\" id=\"inscription_coureurs\">Inscription coureurs<\/h5>\n\n\n\n\n\n\n\n<div style=\"height:100px\" aria-hidden=\"true\" class=\"wp-block-spacer\"><\/div>\n\n\n\n<h5 class=\"wp-block-heading\" id=\"liste_depart\">Liste de d\u00e9part<\/h5>\n\n\n\n\n\n\n\n<div style=\"height:100px\" aria-hidden=\"true\" class=\"wp-block-spacer\"><\/div>\n\n\n\n<p><br><a href=\"https:\/\/www.cclittoral.ch\/leroc\/files\/images\/20240227_de\u0301claration_protecion_donne\u0301es.pdf\" target=\"_blank\" rel=\"noreferrer noopener\">Lire la d\u00e9claration sur la protection des donn\u00e9es<\/a><\/p>\n","protected":false},"excerpt":{"rendered":"<p>Inscription coureurs Liste de d\u00e9part Lire la d\u00e9claration sur la protection des donn\u00e9es<\/p>\n","protected":false},"author":1,"featured_media":0,"parent":0,"menu_order":0,"comment_status":"closed","ping_status":"closed","template":"","meta":{"ngg_post_thumbnail":0,"footnotes":""},"class_list":["post-28866","page","type-page","status-publish","hentry"],"_links":{"self":[{"href":"https:\/\/cclittoral.ch\/leroc\/wp-json\/wp\/v2\/pages\/28866","targetHints":{"allow":["GET"]}}],"collection":[{"href":"https:\/\/cclittoral.ch\/leroc\/wp-json\/wp\/v2\/pages"}],"about":[{"href":"https:\/\/cclittoral.ch\/leroc\/wp-json\/wp\/v2\/types\/page"}],"author":[{"embeddable":true,"href":"https:\/\/cclittoral.ch\/leroc\/wp-json\/wp\/v2\/users\/1"}],"replies":[{"embeddable":true,"href":"https:\/\/cclittoral.ch\/leroc\/wp-json\/wp\/v2\/comments?post=28866"}],"version-history":[{"count":25,"href":"https:\/\/cclittoral.ch\/leroc\/wp-json\/wp\/v2\/pages\/28866\/revisions"}],"predecessor-version":[{"id":36207,"href":"https:\/\/cclittoral.ch\/leroc\/wp-json\/wp\/v2\/pages\/28866\/revisions\/36207"}],"wp:attachment":[{"href":"https:\/\/cclittoral.ch\/leroc\/wp-json\/wp\/v2\/media?parent=28866"}],"curies":[{"name":"wp","href":"https:\/\/api.w.org\/{rel}","templated":true}]}}