{"id":28990,"date":"2019-03-19T15:33:26","date_gmt":"2019-03-19T14:33:26","guid":{"rendered":"https:\/\/cclittoral.ch\/roc\/?page_id=28990"},"modified":"2023-04-24T21:56:22","modified_gmt":"2023-04-24T19:56:22","slug":"parcours-14km","status":"publish","type":"page","link":"https:\/\/cclittoral.ch\/leroc\/parcours\/parcours-14km\/","title":{"rendered":"Parcours 14km"},"content":{"rendered":"\n<div class=\"wp-block-columns has-2-columns is-layout-flex wp-container-core-columns-is-layout-28f84493 wp-block-columns-is-layout-flex\">\n<div class=\"wp-block-column is-layout-flow wp-block-column-is-layout-flow\">\n<p>Cat\u00e9gories:<\/p>\n\n\n\n<ul class=\"wp-block-list\"><li> Mega filles <\/li><li>Mega gar\u00e7ons<\/li><li>Cadettes<\/li><li>Cadets<\/li><li>Dames populaires 14<\/li><li>Hommes populaires 14<\/li><\/ul>\n<\/div>\n<\/div>\n\n\n\n<iframe loading=\"lazy\" src=\"https:\/\/www.komoot.com\/tour\/1065321141\/embed?profile=1\" width=\"100%\" height=\"700\" frameborder=\"0\" scrolling=\"no\"><\/iframe>\n\n\n\n<p><a href=\"https:\/\/www.cclittoral.ch\/leroc\/files\/parcours\/images\/Roc_littoral_14km.zip\">T\u00e9l\u00e9charger le fichier gpx du parcours<\/a><\/p>\n","protected":false},"excerpt":{"rendered":"<p>Cat\u00e9gories: Mega filles Mega gar\u00e7ons Cadettes Cadets Dames populaires 14 Hommes populaires 14 T\u00e9l\u00e9charger le fichier gpx du parcours<\/p>\n","protected":false},"author":1,"featured_media":0,"parent":28864,"menu_order":0,"comment_status":"closed","ping_status":"closed","template":"","meta":{"ngg_post_thumbnail":0,"footnotes":""},"class_list":["post-28990","page","type-page","status-publish","hentry"],"_links":{"self":[{"href":"https:\/\/cclittoral.ch\/leroc\/wp-json\/wp\/v2\/pages\/28990","targetHints":{"allow":["GET"]}}],"collection":[{"href":"https:\/\/cclittoral.ch\/leroc\/wp-json\/wp\/v2\/pages"}],"about":[{"href":"https:\/\/cclittoral.ch\/leroc\/wp-json\/wp\/v2\/types\/page"}],"author":[{"embeddable":true,"href":"https:\/\/cclittoral.ch\/leroc\/wp-json\/wp\/v2\/users\/1"}],"replies":[{"embeddable":true,"href":"https:\/\/cclittoral.ch\/leroc\/wp-json\/wp\/v2\/comments?post=28990"}],"version-history":[{"count":7,"href":"https:\/\/cclittoral.ch\/leroc\/wp-json\/wp\/v2\/pages\/28990\/revisions"}],"predecessor-version":[{"id":33389,"href":"https:\/\/cclittoral.ch\/leroc\/wp-json\/wp\/v2\/pages\/28990\/revisions\/33389"}],"up":[{"embeddable":true,"href":"https:\/\/cclittoral.ch\/leroc\/wp-json\/wp\/v2\/pages\/28864"}],"wp:attachment":[{"href":"https:\/\/cclittoral.ch\/leroc\/wp-json\/wp\/v2\/media?parent=28990"}],"curies":[{"name":"wp","href":"https:\/\/api.w.org\/{rel}","templated":true}]}}