{"id":28995,"date":"2019-03-19T15:37:27","date_gmt":"2019-03-19T14:37:27","guid":{"rendered":"https:\/\/cclittoral.ch\/roc\/?page_id=28995"},"modified":"2023-04-24T21:56:13","modified_gmt":"2023-04-24T19:56:13","slug":"parcours-7-5km","status":"publish","type":"page","link":"https:\/\/cclittoral.ch\/leroc\/parcours\/parcours-7-5km\/","title":{"rendered":"Parcours 7.5km"},"content":{"rendered":"\n<div class=\"wp-block-columns has-2-columns is-layout-flex wp-container-core-columns-is-layout-9d6595d7 wp-block-columns-is-layout-flex\">\n<div class=\"wp-block-column is-layout-flow wp-block-column-is-layout-flow\">\n<p>Cat\u00e9gories:<\/p>\n\n\n\n<ul class=\"wp-block-list\"><li> Rock filles<\/li><li>Rock gar\u00e7ons<\/li><\/ul>\n\n\n\n<p><\/p>\n<\/div>\n<\/div>\n\n\n\n<iframe loading=\"lazy\" src=\"https:\/\/www.komoot.com\/tour\/1065322042\/embed?profile=1\" width=\"100%\" height=\"700\" frameborder=\"0\" scrolling=\"no\"><\/iframe>\n\n\n\n<p><a href=\"https:\/\/www.cclittoral.ch\/leroc\/files\/parcours\/images\/Roc_littoral_32km.zip\">T\u00e9l\u00e9charger le fichier gpx du parcours<\/a><\/p>\n","protected":false},"excerpt":{"rendered":"<p>Cat\u00e9gories: Rock filles Rock gar\u00e7ons T\u00e9l\u00e9charger le fichier gpx du parcours<\/p>\n","protected":false},"author":1,"featured_media":0,"parent":28864,"menu_order":0,"comment_status":"closed","ping_status":"closed","template":"","meta":{"ngg_post_thumbnail":0,"footnotes":""},"class_list":["post-28995","page","type-page","status-publish","hentry"],"_links":{"self":[{"href":"https:\/\/cclittoral.ch\/leroc\/wp-json\/wp\/v2\/pages\/28995","targetHints":{"allow":["GET"]}}],"collection":[{"href":"https:\/\/cclittoral.ch\/leroc\/wp-json\/wp\/v2\/pages"}],"about":[{"href":"https:\/\/cclittoral.ch\/leroc\/wp-json\/wp\/v2\/types\/page"}],"author":[{"embeddable":true,"href":"https:\/\/cclittoral.ch\/leroc\/wp-json\/wp\/v2\/users\/1"}],"replies":[{"embeddable":true,"href":"https:\/\/cclittoral.ch\/leroc\/wp-json\/wp\/v2\/comments?post=28995"}],"version-history":[{"count":5,"href":"https:\/\/cclittoral.ch\/leroc\/wp-json\/wp\/v2\/pages\/28995\/revisions"}],"predecessor-version":[{"id":33386,"href":"https:\/\/cclittoral.ch\/leroc\/wp-json\/wp\/v2\/pages\/28995\/revisions\/33386"}],"up":[{"embeddable":true,"href":"https:\/\/cclittoral.ch\/leroc\/wp-json\/wp\/v2\/pages\/28864"}],"wp:attachment":[{"href":"https:\/\/cclittoral.ch\/leroc\/wp-json\/wp\/v2\/media?parent=28995"}],"curies":[{"name":"wp","href":"https:\/\/api.w.org\/{rel}","templated":true}]}}