{"id":32300,"date":"2022-05-09T07:12:51","date_gmt":"2022-05-09T05:12:51","guid":{"rendered":"https:\/\/cclittoral.ch\/leroc\/?page_id=32300"},"modified":"2022-05-10T11:18:41","modified_gmt":"2022-05-10T09:18:41","slug":"photos-2022","status":"publish","type":"page","link":"https:\/\/cclittoral.ch\/leroc\/photos\/photos-2022\/","title":{"rendered":"Photos 2022"},"content":{"rendered":"\nngg_shortcode_0_placeholder\n\n\n\n<figure class=\"wp-block-gallery has-nested-images columns-default is-cropped wp-block-gallery-1 is-layout-flex wp-block-gallery-is-layout-flex\"><\/figure>\n\n\n\n<div class=\"wp-block-media-text is-stacked-on-mobile is-vertically-aligned-center\" style=\"grid-template-columns:15% auto\"><figure class=\"wp-block-media-text__media\"><img loading=\"lazy\" decoding=\"async\" width=\"683\" height=\"1024\" src=\"https:\/\/cclittoral.ch\/leroc\/wp-content\/uploads\/2022\/05\/DSC06691-768x1152-1-683x1024.jpg\" alt=\"\" class=\"wp-image-32304 size-full\" srcset=\"https:\/\/cclittoral.ch\/leroc\/wp-content\/uploads\/2022\/05\/DSC06691-768x1152-1-683x1024.jpg 683w, https:\/\/cclittoral.ch\/leroc\/wp-content\/uploads\/2022\/05\/DSC06691-768x1152-1-200x300.jpg 200w, https:\/\/cclittoral.ch\/leroc\/wp-content\/uploads\/2022\/05\/DSC06691-768x1152-1.jpg 768w\" sizes=\"auto, (max-width: 683px) 100vw, 683px\" \/><\/figure><div class=\"wp-block-media-text__content\">\n<p class=\"has-large-font-size\"><a rel=\"noreferrer noopener\" href=\"https:\/\/mcreylo.ch\/roc-du-littoral-2022\/\" target=\"_blank\">Photos de Aur\u00e8le Paroz<\/a><\/p>\n<\/div><\/div>\n\n\n\n<p style=\"font-size:10px\"><strong>Si vous avez pris de belles photos que vous aimeriez partager sur notre site, c&rsquo;est tr\u00e8s volontiers que nous les publierons. Vous pouvez nous les envoyer \u00e0 <a rel=\"noreferrer noopener\" href=\"mailto:jerome@cclittoral.ch\" target=\"_blank\">jerome@cclittoral.ch<\/a><\/strong><\/p>\n","protected":false},"excerpt":{"rendered":"<p>Photos de Aur\u00e8le Paroz Si vous avez pris de belles photos que vous aimeriez partager sur notre site, c&rsquo;est tr\u00e8s volontiers que nous les publierons. Vous pouvez nous les envoyer \u00e0 jerome@cclittoral.ch<\/p>\n","protected":false},"author":1,"featured_media":0,"parent":28870,"menu_order":0,"comment_status":"closed","ping_status":"closed","template":"","meta":{"ngg_post_thumbnail":0,"footnotes":""},"class_list":["post-32300","page","type-page","status-publish","hentry"],"_links":{"self":[{"href":"https:\/\/cclittoral.ch\/leroc\/wp-json\/wp\/v2\/pages\/32300","targetHints":{"allow":["GET"]}}],"collection":[{"href":"https:\/\/cclittoral.ch\/leroc\/wp-json\/wp\/v2\/pages"}],"about":[{"href":"https:\/\/cclittoral.ch\/leroc\/wp-json\/wp\/v2\/types\/page"}],"author":[{"embeddable":true,"href":"https:\/\/cclittoral.ch\/leroc\/wp-json\/wp\/v2\/users\/1"}],"replies":[{"embeddable":true,"href":"https:\/\/cclittoral.ch\/leroc\/wp-json\/wp\/v2\/comments?post=32300"}],"version-history":[{"count":5,"href":"https:\/\/cclittoral.ch\/leroc\/wp-json\/wp\/v2\/pages\/32300\/revisions"}],"predecessor-version":[{"id":33290,"href":"https:\/\/cclittoral.ch\/leroc\/wp-json\/wp\/v2\/pages\/32300\/revisions\/33290"}],"up":[{"embeddable":true,"href":"https:\/\/cclittoral.ch\/leroc\/wp-json\/wp\/v2\/pages\/28870"}],"wp:attachment":[{"href":"https:\/\/cclittoral.ch\/leroc\/wp-json\/wp\/v2\/media?parent=32300"}],"curies":[{"name":"wp","href":"https:\/\/api.w.org\/{rel}","templated":true}]}}